{"id":2,"date":"2024-10-18T10:35:26","date_gmt":"2024-10-18T10:35:26","guid":{"rendered":"https:\/\/cafeteriaestacion.rkinformatika.online\/?page_id=2"},"modified":"2025-03-06T14:23:25","modified_gmt":"2025-03-06T14:23:25","slug":"inicio","status":"publish","type":"page","link":"https:\/\/maiatzakafetegia.com\/eu\/","title":{"rendered":"Hasiera"},"content":{"rendered":"<div data-elementor-type=\"wp-page\" data-elementor-id=\"2\" class=\"elementor elementor-2\" data-elementor-post-type=\"page\">\n\t\t\t\t\t\t<section class=\"elementor-section elementor-top-section elementor-element elementor-element-e67cbf7 elementor-section-boxed elementor-section-height-default elementor-section-height-default\" data-id=\"e67cbf7\" data-element_type=\"section\" data-settings=\"{&quot;background_background&quot;:&quot;classic&quot;}\">\n\t\t\t\t\t\t\t<div class=\"elementor-background-overlay\"><\/div>\n\t\t\t\t\t\t\t<div class=\"elementor-container elementor-column-gap-default\">\n\t\t\t\t\t<div class=\"elementor-column elementor-col-100 elementor-top-column elementor-element elementor-element-14b13c3\" data-id=\"14b13c3\" data-element_type=\"column\">\n\t\t\t<div class=\"elementor-widget-wrap elementor-element-populated\">\n\t\t\t\t\t\t<div class=\"elementor-element elementor-element-8a985f0 elementor-widget__width-auto elementor-widget elementor-widget-heading\" data-id=\"8a985f0\" data-element_type=\"widget\" data-widget_type=\"heading.default\">\n\t\t\t\t<div class=\"elementor-widget-container\">\n\t\t\t\t\t<h6 class=\"elementor-heading-title elementor-size-default\">X<\/h6>\t\t\t\t<\/div>\n\t\t\t\t<\/div>\n\t\t\t\t<div class=\"elementor-element elementor-element-9cc5a41 elementor-widget__width-initial elementor-widget-mobile__width-initial elementor-widget elementor-widget-heading\" data-id=\"9cc5a41\" data-element_type=\"widget\" data-widget_type=\"heading.default\">\n\t\t\t\t<div class=\"elementor-widget-container\">\n\t\t\t\t\t<h4 class=\"elementor-heading-title elementor-size-default\">Kafea, tapak, ogitartekoak, sandwicha <br>y Tartas<\/h4>\t\t\t\t<\/div>\n\t\t\t\t<\/div>\n\t\t\t\t<div class=\"elementor-element elementor-element-f62615c elementor-widget__width-auto elementor-widget elementor-widget-heading\" data-id=\"f62615c\" data-element_type=\"widget\" data-widget_type=\"heading.default\">\n\t\t\t\t<div class=\"elementor-widget-container\">\n\t\t\t\t\t<h6 class=\"elementor-heading-title elementor-size-default\">X<\/h6>\t\t\t\t<\/div>\n\t\t\t\t<\/div>\n\t\t\t\t<div class=\"elementor-element elementor-element-47076e5 elementor-widget elementor-widget-image\" data-id=\"47076e5\" data-element_type=\"widget\" data-widget_type=\"image.default\">\n\t\t\t\t<div class=\"elementor-widget-container\">\n\t\t\t\t\t\t\t\t\t\t\t\t\t\t\t<img decoding=\"async\" src=\"https:\/\/maiatzakafetegia.com\/wp-content\/uploads\/2024\/10\/hero-divider-2.png\" title=\"\" alt=\"\" loading=\"lazy\" \/>\t\t\t\t\t\t\t\t\t\t\t\t\t\t\t<\/div>\n\t\t\t\t<\/div>\n\t\t\t\t<div class=\"elementor-element elementor-element-0ec32ea elementor-widget__width-auto elementor-invisible elementor-widget elementor-widget-heading\" data-id=\"0ec32ea\" data-element_type=\"widget\" data-settings=\"{&quot;_animation&quot;:&quot;fadeIn&quot;}\" data-widget_type=\"heading.default\">\n\t\t\t\t<div class=\"elementor-widget-container\">\n\t\t\t\t\t<h2 class=\"elementor-heading-title elementor-size-default\">Blues, Rock y  Jazz<\/h2>\t\t\t\t<\/div>\n\t\t\t\t<\/div>\n\t\t\t\t<div class=\"elementor-element elementor-element-72ba363 elementor-align-center elementor-widget elementor-widget-button\" data-id=\"72ba363\" data-element_type=\"widget\" data-widget_type=\"button.default\">\n\t\t\t\t<div class=\"elementor-widget-container\">\n\t\t\t\t\t\t\t\t\t<div class=\"elementor-button-wrapper\">\n\t\t\t\t\t<a class=\"elementor-button elementor-button-link elementor-size-sm\" href=\"https:\/\/maiatzakafetegia.com\/index.php\/contacto\/\">\n\t\t\t\t\t\t<span class=\"elementor-button-content-wrapper\">\n\t\t\t\t\t\t\t\t\t<span class=\"elementor-button-text\">Non gaude?<\/span>\n\t\t\t\t\t<\/span>\n\t\t\t\t\t<\/a>\n\t\t\t\t<\/div>\n\t\t\t\t\t\t\t\t<\/div>\n\t\t\t\t<\/div>\n\t\t\t\t\t<\/div>\n\t\t<\/div>\n\t\t\t\t\t<\/div>\n\t\t<\/section>\n\t\t<div class=\"elementor-element elementor-element-3202bca e-flex e-con-boxed e-con e-parent\" data-id=\"3202bca\" data-element_type=\"container\">\n\t\t\t\t\t<div class=\"e-con-inner\">\n\t\t<div class=\"elementor-element elementor-element-7f6555a e-con-full e-flex e-con e-child\" data-id=\"7f6555a\" data-element_type=\"container\">\n\t\t\t\t<div class=\"elementor-element elementor-element-18ad8a9 elementor-widget elementor-widget-heading\" data-id=\"18ad8a9\" data-element_type=\"widget\" data-widget_type=\"heading.default\">\n\t\t\t\t<div class=\"elementor-widget-container\">\n\t\t\t\t\t<h2 class=\"elementor-heading-title elementor-size-default\">Guri buruz<\/h2>\t\t\t\t<\/div>\n\t\t\t\t<\/div>\n\t\t\t\t<div class=\"elementor-element elementor-element-e64c1d8 elementor-widget elementor-widget-text-editor\" data-id=\"e64c1d8\" data-element_type=\"widget\" data-widget_type=\"text-editor.default\">\n\t\t\t\t<div class=\"elementor-widget-container\">\n\t\t\t\t\t\t\t\t\t<p data-start=\"149\" data-end=\"475\">Familiako negozio bat gara, kafe ona eta etxeko gozogintzarako grina duena. 2016az geroztik, goizero irekitzen ditugu ateak, 6: 15ean, goiztiarrei kafe bikain batekin edo infusio berezi batekin harrera egiteko, betiere gure lantxo txikian mimoz egindako etxeko tarta eta bizkotxoekin lagunduta.<\/p><p data-start=\"477\" data-end=\"750\">Gure kafetegia eboluzionatu egin da denborarekin, eta musika arima duen espazio bihurtu da, non zaporeaz ez ezik, giroaz ere gozatzen den. Bluesak, rockak eta jazzak giro ezin hobea sortzen dute eguneko une bakoitza laguntzeko.<\/p><p data-start=\"477\" data-end=\"750\">\u00a0<\/p>\t\t\t\t\t\t\t\t<\/div>\n\t\t\t\t<\/div>\n\t\t\t\t<\/div>\n\t\t<div class=\"elementor-element elementor-element-60f9205 e-con-full e-flex e-con e-child\" data-id=\"60f9205\" data-element_type=\"container\">\n\t\t\t\t<div class=\"elementor-element elementor-element-31e8b2a elementor-widget elementor-widget-image\" data-id=\"31e8b2a\" data-element_type=\"widget\" data-widget_type=\"image.default\">\n\t\t\t\t<div class=\"elementor-widget-container\">\n\t\t\t\t\t\t\t\t\t\t\t\t\t\t\t<img fetchpriority=\"high\" decoding=\"async\" width=\"800\" height=\"600\" src=\"https:\/\/maiatzakafetegia.com\/wp-content\/uploads\/2025\/03\/IMG_20241224_155346-Rakel-Arriaga-Aranceta-1024x768.jpg\" class=\"elementor-animation-bob attachment-large size-large wp-image-713\" alt=\"\" srcset=\"https:\/\/maiatzakafetegia.com\/wp-content\/uploads\/2025\/03\/IMG_20241224_155346-Rakel-Arriaga-Aranceta-1024x768.jpg 1024w, https:\/\/maiatzakafetegia.com\/wp-content\/uploads\/2025\/03\/IMG_20241224_155346-Rakel-Arriaga-Aranceta-300x225.jpg 300w, https:\/\/maiatzakafetegia.com\/wp-content\/uploads\/2025\/03\/IMG_20241224_155346-Rakel-Arriaga-Aranceta-768x576.jpg 768w, https:\/\/maiatzakafetegia.com\/wp-content\/uploads\/2025\/03\/IMG_20241224_155346-Rakel-Arriaga-Aranceta-1536x1152.jpg 1536w, https:\/\/maiatzakafetegia.com\/wp-content\/uploads\/2025\/03\/IMG_20241224_155346-Rakel-Arriaga-Aranceta-2048x1536.jpg 2048w, https:\/\/maiatzakafetegia.com\/wp-content\/uploads\/2025\/03\/IMG_20241224_155346-Rakel-Arriaga-Aranceta-16x12.jpg 16w\" sizes=\"(max-width: 800px) 100vw, 800px\" \/>\t\t\t\t\t\t\t\t\t\t\t\t\t\t\t<\/div>\n\t\t\t\t<\/div>\n\t\t\t\t<\/div>\n\t\t\t\t\t<\/div>\n\t\t\t\t<\/div>\n\t\t<div class=\"elementor-element elementor-element-9bcaa46 e-flex e-con-boxed e-con e-parent\" data-id=\"9bcaa46\" data-element_type=\"container\" data-settings=\"{&quot;motion_fx_motion_fx_mouse&quot;:&quot;yes&quot;}\">\n\t\t\t\t\t<div class=\"e-con-inner\">\n\t\t<div class=\"elementor-element elementor-element-75fdf6d e-con-full e-flex e-con e-child\" data-id=\"75fdf6d\" data-element_type=\"container\">\n\t\t\t\t<div class=\"elementor-element elementor-element-d0b1edd elementor-widget elementor-widget-heading\" data-id=\"d0b1edd\" data-element_type=\"widget\" data-widget_type=\"heading.default\">\n\t\t\t\t<div class=\"elementor-widget-container\">\n\t\t\t\t\t<h2 class=\"elementor-heading-title elementor-size-default\">Musika-arima duen txoko bat, non kafeak eta etxeko gozogintzak hobeto dakiten. <br>06:15etik zain gaituzu!<\/h2>\t\t\t\t<\/div>\n\t\t\t\t<\/div>\n\t\t\t\t<div class=\"elementor-element elementor-element-1a93be7 elementor-align-center elementor-widget elementor-widget-button\" data-id=\"1a93be7\" data-element_type=\"widget\" data-widget_type=\"button.default\">\n\t\t\t\t<div class=\"elementor-widget-container\">\n\t\t\t\t\t\t\t\t\t<div class=\"elementor-button-wrapper\">\n\t\t\t\t\t<a class=\"elementor-button elementor-button-link elementor-size-sm\" href=\"https:\/\/maiatzakafetegia.com\/eu\/productos\/\">\n\t\t\t\t\t\t<span class=\"elementor-button-content-wrapper\">\n\t\t\t\t\t\t\t\t\t<span class=\"elementor-button-text\">Produktuak<\/span>\n\t\t\t\t\t<\/span>\n\t\t\t\t\t<\/a>\n\t\t\t\t<\/div>\n\t\t\t\t\t\t\t\t<\/div>\n\t\t\t\t<\/div>\n\t\t\t\t<\/div>\n\t\t\t\t\t<\/div>\n\t\t\t\t<\/div>\n\t\t\t\t<\/div>","protected":false},"excerpt":{"rendered":"<p>X Caf\u00e9, Tapas, Bocadillos, S\u00e1ndwich y Tartas X Blues, Rock y Jazz \u00bfD\u00f3nde Estamos? Sobre nosotros Somos un negocio familiar con pasi\u00f3n por el buen caf\u00e9 y la reposter\u00eda casera. Desde 2016, abrimos nuestras puertas cada ma\u00f1ana a las 6:15 para recibir a los madrugadores con un caf\u00e9 exquisito o una infusi\u00f3n especial, siempre acompa\u00f1ados [&hellip;]<\/p>","protected":false},"author":2,"featured_media":0,"parent":0,"menu_order":0,"comment_status":"closed","ping_status":"closed","template":"elementor_canvas","meta":{"footnotes":""},"class_list":["post-2","page","type-page","status-publish","hentry"],"yoast_head":"<!-- This site is optimized with the Yoast SEO plugin v26.4 - https:\/\/yoast.com\/wordpress\/plugins\/seo\/ -->\n<title>Inicio - MAIATZA KAFETEGIA<\/title>\n<meta name=\"robots\" content=\"index, follow, max-snippet:-1, max-image-preview:large, max-video-preview:-1\" \/>\n<link rel=\"canonical\" href=\"https:\/\/maiatzakafetegia.com\/eu\/\" \/>\n<meta property=\"og:locale\" content=\"en_US\" \/>\n<meta property=\"og:type\" content=\"article\" \/>\n<meta property=\"og:title\" content=\"Inicio - MAIATZA KAFETEGIA\" \/>\n<meta property=\"og:description\" content=\"X Caf\u00e9, Tapas, Bocadillos, S\u00e1ndwich y Tartas X Blues, Rock y Jazz \u00bfD\u00f3nde Estamos? Sobre nosotros Somos un negocio familiar con pasi\u00f3n por el buen caf\u00e9 y la reposter\u00eda casera. Desde 2016, abrimos nuestras puertas cada ma\u00f1ana a las 6:15 para recibir a los madrugadores con un caf\u00e9 exquisito o una infusi\u00f3n especial, siempre acompa\u00f1ados [&hellip;]\" \/>\n<meta property=\"og:url\" content=\"https:\/\/maiatzakafetegia.com\/eu\/\" \/>\n<meta property=\"og:site_name\" content=\"MAIATZA KAFETEGIA\" \/>\n<meta property=\"article:modified_time\" content=\"2025-03-06T14:23:25+00:00\" \/>\n<meta property=\"og:image\" content=\"https:\/\/maiatzakafetegia.com\/wp-content\/uploads\/2024\/10\/hero-divider-2.png\" \/>\n<meta name=\"twitter:card\" content=\"summary_large_image\" \/>\n<meta name=\"twitter:label1\" content=\"Est. reading time\" \/>\n\t<meta name=\"twitter:data1\" content=\"2 minutua\" \/>\n<script type=\"application\/ld+json\" class=\"yoast-schema-graph\">{\"@context\":\"https:\/\/schema.org\",\"@graph\":[{\"@type\":\"WebPage\",\"@id\":\"https:\/\/maiatzakafetegia.com\/\",\"url\":\"https:\/\/maiatzakafetegia.com\/\",\"name\":\"Inicio - MAIATZA KAFETEGIA\",\"isPartOf\":{\"@id\":\"https:\/\/maiatzakafetegia.com\/#website\"},\"primaryImageOfPage\":{\"@id\":\"https:\/\/maiatzakafetegia.com\/#primaryimage\"},\"image\":{\"@id\":\"https:\/\/maiatzakafetegia.com\/#primaryimage\"},\"thumbnailUrl\":\"https:\/\/maiatzakafetegia.com\/wp-content\/uploads\/2024\/10\/hero-divider-2.png\",\"datePublished\":\"2024-10-18T10:35:26+00:00\",\"dateModified\":\"2025-03-06T14:23:25+00:00\",\"breadcrumb\":{\"@id\":\"https:\/\/maiatzakafetegia.com\/#breadcrumb\"},\"inLanguage\":\"eu\",\"potentialAction\":[{\"@type\":\"ReadAction\",\"target\":[\"https:\/\/maiatzakafetegia.com\/\"]}]},{\"@type\":\"ImageObject\",\"inLanguage\":\"eu\",\"@id\":\"https:\/\/maiatzakafetegia.com\/#primaryimage\",\"url\":\"https:\/\/maiatzakafetegia.com\/wp-content\/uploads\/2024\/10\/hero-divider-2.png\",\"contentUrl\":\"https:\/\/maiatzakafetegia.com\/wp-content\/uploads\/2024\/10\/hero-divider-2.png\"},{\"@type\":\"BreadcrumbList\",\"@id\":\"https:\/\/maiatzakafetegia.com\/#breadcrumb\",\"itemListElement\":[{\"@type\":\"ListItem\",\"position\":1,\"name\":\"Portada\",\"item\":\"https:\/\/maiatzakafetegia.com\/\"},{\"@type\":\"ListItem\",\"position\":2,\"name\":\"Inicio\"}]},{\"@type\":\"WebSite\",\"@id\":\"https:\/\/maiatzakafetegia.com\/#website\",\"url\":\"https:\/\/maiatzakafetegia.com\/\",\"name\":\"MAIATZA KAFETEGIA\",\"description\":\"CAFETERIA Y DEGUSTACION CON TARTAS CASERAS\",\"publisher\":{\"@id\":\"https:\/\/maiatzakafetegia.com\/#organization\"},\"potentialAction\":[{\"@type\":\"SearchAction\",\"target\":{\"@type\":\"EntryPoint\",\"urlTemplate\":\"https:\/\/maiatzakafetegia.com\/?s={search_term_string}\"},\"query-input\":{\"@type\":\"PropertyValueSpecification\",\"valueRequired\":true,\"valueName\":\"search_term_string\"}}],\"inLanguage\":\"eu\"},{\"@type\":\"Organization\",\"@id\":\"https:\/\/maiatzakafetegia.com\/#organization\",\"name\":\"MAIATZA KAFETEGIA\",\"url\":\"https:\/\/maiatzakafetegia.com\/\",\"logo\":{\"@type\":\"ImageObject\",\"inLanguage\":\"eu\",\"@id\":\"https:\/\/maiatzakafetegia.com\/#\/schema\/logo\/image\/\",\"url\":\"https:\/\/maiatzakafetegia.com\/wp-content\/uploads\/2025\/03\/cropped-Maiatza-logo_Mesa-de-trabajo-1.png\",\"contentUrl\":\"https:\/\/maiatzakafetegia.com\/wp-content\/uploads\/2025\/03\/cropped-Maiatza-logo_Mesa-de-trabajo-1.png\",\"width\":999,\"height\":1080,\"caption\":\"MAIATZA KAFETEGIA\"},\"image\":{\"@id\":\"https:\/\/maiatzakafetegia.com\/#\/schema\/logo\/image\/\"}}]}<\/script>\n<!-- \/ Yoast SEO plugin. -->","yoast_head_json":{"title":"Inicio - MAIATZA KAFETEGIA","robots":{"index":"index","follow":"follow","max-snippet":"max-snippet:-1","max-image-preview":"max-image-preview:large","max-video-preview":"max-video-preview:-1"},"canonical":"https:\/\/maiatzakafetegia.com\/eu\/","og_locale":"en_US","og_type":"article","og_title":"Inicio - MAIATZA KAFETEGIA","og_description":"X Caf\u00e9, Tapas, Bocadillos, S\u00e1ndwich y Tartas X Blues, Rock y Jazz \u00bfD\u00f3nde Estamos? Sobre nosotros Somos un negocio familiar con pasi\u00f3n por el buen caf\u00e9 y la reposter\u00eda casera. Desde 2016, abrimos nuestras puertas cada ma\u00f1ana a las 6:15 para recibir a los madrugadores con un caf\u00e9 exquisito o una infusi\u00f3n especial, siempre acompa\u00f1ados [&hellip;]","og_url":"https:\/\/maiatzakafetegia.com\/eu\/","og_site_name":"MAIATZA KAFETEGIA","article_modified_time":"2025-03-06T14:23:25+00:00","og_image":[{"url":"https:\/\/maiatzakafetegia.com\/wp-content\/uploads\/2024\/10\/hero-divider-2.png","type":"","width":"","height":""}],"twitter_card":"summary_large_image","twitter_misc":{"Est. reading time":"2 minutua"},"schema":{"@context":"https:\/\/schema.org","@graph":[{"@type":"WebPage","@id":"https:\/\/maiatzakafetegia.com\/","url":"https:\/\/maiatzakafetegia.com\/","name":"Inicio - MAIATZA KAFETEGIA","isPartOf":{"@id":"https:\/\/maiatzakafetegia.com\/#website"},"primaryImageOfPage":{"@id":"https:\/\/maiatzakafetegia.com\/#primaryimage"},"image":{"@id":"https:\/\/maiatzakafetegia.com\/#primaryimage"},"thumbnailUrl":"https:\/\/maiatzakafetegia.com\/wp-content\/uploads\/2024\/10\/hero-divider-2.png","datePublished":"2024-10-18T10:35:26+00:00","dateModified":"2025-03-06T14:23:25+00:00","breadcrumb":{"@id":"https:\/\/maiatzakafetegia.com\/#breadcrumb"},"inLanguage":"eu","potentialAction":[{"@type":"ReadAction","target":["https:\/\/maiatzakafetegia.com\/"]}]},{"@type":"ImageObject","inLanguage":"eu","@id":"https:\/\/maiatzakafetegia.com\/#primaryimage","url":"https:\/\/maiatzakafetegia.com\/wp-content\/uploads\/2024\/10\/hero-divider-2.png","contentUrl":"https:\/\/maiatzakafetegia.com\/wp-content\/uploads\/2024\/10\/hero-divider-2.png"},{"@type":"BreadcrumbList","@id":"https:\/\/maiatzakafetegia.com\/#breadcrumb","itemListElement":[{"@type":"ListItem","position":1,"name":"Portada","item":"https:\/\/maiatzakafetegia.com\/"},{"@type":"ListItem","position":2,"name":"Inicio"}]},{"@type":"WebSite","@id":"https:\/\/maiatzakafetegia.com\/#website","url":"https:\/\/maiatzakafetegia.com\/","name":"MAIATZA KAFETEGIA","description":"CAFETERIA Y DEGUSTACION CON TARTAS CASERAS","publisher":{"@id":"https:\/\/maiatzakafetegia.com\/#organization"},"potentialAction":[{"@type":"SearchAction","target":{"@type":"EntryPoint","urlTemplate":"https:\/\/maiatzakafetegia.com\/?s={search_term_string}"},"query-input":{"@type":"PropertyValueSpecification","valueRequired":true,"valueName":"search_term_string"}}],"inLanguage":"eu"},{"@type":"Organization","@id":"https:\/\/maiatzakafetegia.com\/#organization","name":"MAIATZA KAFETEGIA","url":"https:\/\/maiatzakafetegia.com\/","logo":{"@type":"ImageObject","inLanguage":"eu","@id":"https:\/\/maiatzakafetegia.com\/#\/schema\/logo\/image\/","url":"https:\/\/maiatzakafetegia.com\/wp-content\/uploads\/2025\/03\/cropped-Maiatza-logo_Mesa-de-trabajo-1.png","contentUrl":"https:\/\/maiatzakafetegia.com\/wp-content\/uploads\/2025\/03\/cropped-Maiatza-logo_Mesa-de-trabajo-1.png","width":999,"height":1080,"caption":"MAIATZA KAFETEGIA"},"image":{"@id":"https:\/\/maiatzakafetegia.com\/#\/schema\/logo\/image\/"}}]}},"_links":{"self":[{"href":"https:\/\/maiatzakafetegia.com\/eu\/wp-json\/wp\/v2\/pages\/2","targetHints":{"allow":["GET"]}}],"collection":[{"href":"https:\/\/maiatzakafetegia.com\/eu\/wp-json\/wp\/v2\/pages"}],"about":[{"href":"https:\/\/maiatzakafetegia.com\/eu\/wp-json\/wp\/v2\/types\/page"}],"author":[{"embeddable":true,"href":"https:\/\/maiatzakafetegia.com\/eu\/wp-json\/wp\/v2\/users\/2"}],"replies":[{"embeddable":true,"href":"https:\/\/maiatzakafetegia.com\/eu\/wp-json\/wp\/v2\/comments?post=2"}],"version-history":[{"count":172,"href":"https:\/\/maiatzakafetegia.com\/eu\/wp-json\/wp\/v2\/pages\/2\/revisions"}],"predecessor-version":[{"id":775,"href":"https:\/\/maiatzakafetegia.com\/eu\/wp-json\/wp\/v2\/pages\/2\/revisions\/775"}],"wp:attachment":[{"href":"https:\/\/maiatzakafetegia.com\/eu\/wp-json\/wp\/v2\/media?parent=2"}],"curies":[{"name":"wp","href":"https:\/\/api.w.org\/{rel}","templated":true}]}}