{"id":31,"date":"2024-10-18T14:57:46","date_gmt":"2024-10-18T14:57:46","guid":{"rendered":"https:\/\/cafeteriaestacion.rkinformatika.online\/?page_id=31"},"modified":"2025-03-18T09:42:06","modified_gmt":"2025-03-18T09:42:06","slug":"productos","status":"publish","type":"page","link":"https:\/\/maiatzakafetegia.com\/eu\/productos\/","title":{"rendered":"Produktuak"},"content":{"rendered":"<div data-elementor-type=\"wp-page\" data-elementor-id=\"31\" class=\"elementor elementor-31\" data-elementor-post-type=\"page\">\n\t\t\t\t\t\t<section class=\"elementor-section elementor-top-section elementor-element elementor-element-780a9c6 elementor-section-boxed elementor-section-height-default elementor-section-height-default\" data-id=\"780a9c6\" data-element_type=\"section\" data-settings=\"{&quot;background_background&quot;:&quot;classic&quot;}\">\n\t\t\t\t\t\t\t<div class=\"elementor-background-overlay\"><\/div>\n\t\t\t\t\t\t\t<div class=\"elementor-container elementor-column-gap-default\">\n\t\t\t\t\t<div class=\"elementor-column elementor-col-100 elementor-top-column elementor-element elementor-element-d8f918e\" data-id=\"d8f918e\" data-element_type=\"column\">\n\t\t\t<div class=\"elementor-widget-wrap elementor-element-populated\">\n\t\t\t\t\t\t<div class=\"elementor-element elementor-element-fb7554b elementor-widget elementor-widget-heading\" data-id=\"fb7554b\" data-element_type=\"widget\" data-widget_type=\"heading.default\">\n\t\t\t\t<div class=\"elementor-widget-container\">\n\t\t\t\t\t<h2 class=\"elementor-heading-title elementor-size-default\">Produktuak<\/h2>\t\t\t\t<\/div>\n\t\t\t\t<\/div>\n\t\t\t\t\t<\/div>\n\t\t<\/div>\n\t\t\t\t\t<\/div>\n\t\t<\/section>\n\t\t<div class=\"elementor-element elementor-element-8712761 e-flex e-con-boxed e-con e-parent\" data-id=\"8712761\" data-element_type=\"container\">\n\t\t\t\t\t<div class=\"e-con-inner\">\n\t\t\t\t<div class=\"elementor-element elementor-element-ae7ca8b elementor-widget elementor-widget-heading\" data-id=\"ae7ca8b\" data-element_type=\"widget\" data-widget_type=\"heading.default\">\n\t\t\t\t<div class=\"elementor-widget-container\">\n\t\t\t\t\t<h2 class=\"elementor-heading-title elementor-size-default\">D\u00e9jate llevar por el aroma del caf\u00e9 reci\u00e9n hecho<br>y el sonido del mejor Blues, Rock &amp; Jazz.<\/h2>\t\t\t\t<\/div>\n\t\t\t\t<\/div>\n\t\t\t\t\t<\/div>\n\t\t\t\t<\/div>\n\t\t<div class=\"elementor-element elementor-element-9100d26 e-flex e-con-boxed e-con e-parent\" data-id=\"9100d26\" data-element_type=\"container\">\n\t\t\t\t\t<div class=\"e-con-inner\">\n\t\t\t\t<div class=\"elementor-element elementor-element-978be4d elementor-position-left elementor-vertical-align-middle elementor-widget elementor-widget-image-box\" data-id=\"978be4d\" data-element_type=\"widget\" data-widget_type=\"image-box.default\">\n\t\t\t\t<div class=\"elementor-widget-container\">\n\t\t\t\t\t<div class=\"elementor-image-box-wrapper\"><figure class=\"elementor-image-box-img\"><img fetchpriority=\"high\" decoding=\"async\" width=\"1200\" height=\"1000\" src=\"https:\/\/maiatzakafetegia.com\/wp-content\/uploads\/2025\/03\/Design-sem-nome.jpg\" class=\"attachment-full size-full wp-image-828\" alt=\"\" srcset=\"https:\/\/maiatzakafetegia.com\/wp-content\/uploads\/2025\/03\/Design-sem-nome.jpg 1200w, https:\/\/maiatzakafetegia.com\/wp-content\/uploads\/2025\/03\/Design-sem-nome-300x250.jpg 300w, https:\/\/maiatzakafetegia.com\/wp-content\/uploads\/2025\/03\/Design-sem-nome-1024x853.jpg 1024w, https:\/\/maiatzakafetegia.com\/wp-content\/uploads\/2025\/03\/Design-sem-nome-768x640.jpg 768w, https:\/\/maiatzakafetegia.com\/wp-content\/uploads\/2025\/03\/Design-sem-nome-14x12.jpg 14w\" sizes=\"(max-width: 1200px) 100vw, 1200px\" \/><\/figure><div class=\"elementor-image-box-content\"><h3 class=\"elementor-image-box-title\">CAF\u00c9S E INFUSIONES<\/h3><p class=\"elementor-image-box-description\">Desde las 6:15 de la ma\u00f1ana, abrimos nuestras puertas con el aroma del mejor caf\u00e9. Ofrecemos una amplia variedad de caf\u00e9s, desde el cl\u00e1sico espresso hasta capuchinos y caf\u00e9s especiales, todos elaborados con granos seleccionados para asegurar una experiencia inigualable. <br><br>\nSi prefieres algo m\u00e1s ligero, contamos con una cuidada selecci\u00f3n de infusiones, perfectas para cualquier momento del d\u00eda.<\/p><\/div><\/div>\t\t\t\t<\/div>\n\t\t\t\t<\/div>\n\t\t\t\t\t<\/div>\n\t\t\t\t<\/div>\n\t\t<div class=\"elementor-element elementor-element-bace745 e-flex e-con-boxed e-con e-parent\" data-id=\"bace745\" data-element_type=\"container\">\n\t\t\t\t\t<div class=\"e-con-inner\">\n\t\t\t\t<div class=\"elementor-element elementor-element-b782882 elementor-position-left elementor-vertical-align-middle elementor-widget elementor-widget-image-box\" data-id=\"b782882\" data-element_type=\"widget\" data-widget_type=\"image-box.default\">\n\t\t\t\t<div class=\"elementor-widget-container\">\n\t\t\t\t\t<div class=\"elementor-image-box-wrapper\"><figure class=\"elementor-image-box-img\"><img decoding=\"async\" width=\"1200\" height=\"1000\" src=\"https:\/\/maiatzakafetegia.com\/wp-content\/uploads\/2025\/03\/Design-sem-nome-1.jpg\" class=\"attachment-full size-full wp-image-833\" alt=\"\" srcset=\"https:\/\/maiatzakafetegia.com\/wp-content\/uploads\/2025\/03\/Design-sem-nome-1.jpg 1200w, https:\/\/maiatzakafetegia.com\/wp-content\/uploads\/2025\/03\/Design-sem-nome-1-300x250.jpg 300w, https:\/\/maiatzakafetegia.com\/wp-content\/uploads\/2025\/03\/Design-sem-nome-1-1024x853.jpg 1024w, https:\/\/maiatzakafetegia.com\/wp-content\/uploads\/2025\/03\/Design-sem-nome-1-768x640.jpg 768w, https:\/\/maiatzakafetegia.com\/wp-content\/uploads\/2025\/03\/Design-sem-nome-1-14x12.jpg 14w\" sizes=\"(max-width: 1200px) 100vw, 1200px\" \/><\/figure><div class=\"elementor-image-box-content\"><h3 class=\"elementor-image-box-title\">REPOSTER\u00cdA CASERA<\/h3><p class=\"elementor-image-box-description\">Nuestra reposter\u00eda es 100% casera, elaborada en nuestro peque\u00f1o obrador con recetas que hemos perfeccionado a lo largo de los a\u00f1os. Podr\u00e1s disfrutar de:\n<br><br>\nBizcochos variados: esponjosos y con sabores naturales.\n<br>\nTarta de arroz: una delicia tradicional con un sabor suave y aut\u00e9ntico.<br>\nTarta de queso: cremosa y con el equilibrio perfecto entre dulzura y textura.<br>\nTarta de manzana: con un toque casero que te recordar\u00e1 a los postres de siempre.<br>\nTarta de naranja: fresca y con un sabor c\u00edtrico irresistible.<br>\nTarta de chocolate: para los amantes del cacao, intensa y deliciosa.<br>\nNapolitanas: crujientes por fuera, rellenas y perfectas para acompa\u00f1ar el caf\u00e9.<\/p><\/div><\/div>\t\t\t\t<\/div>\n\t\t\t\t<\/div>\n\t\t\t\t\t<\/div>\n\t\t\t\t<\/div>\n\t\t<div class=\"elementor-element elementor-element-3d279c3 e-flex e-con-boxed e-con e-parent\" data-id=\"3d279c3\" data-element_type=\"container\">\n\t\t\t\t\t<div class=\"e-con-inner\">\n\t\t\t\t<div class=\"elementor-element elementor-element-987b6a6 elementor-position-left elementor-vertical-align-middle elementor-widget elementor-widget-image-box\" data-id=\"987b6a6\" data-element_type=\"widget\" data-widget_type=\"image-box.default\">\n\t\t\t\t<div class=\"elementor-widget-container\">\n\t\t\t\t\t<div class=\"elementor-image-box-wrapper\"><figure class=\"elementor-image-box-img\"><img decoding=\"async\" width=\"1200\" height=\"1000\" src=\"https:\/\/maiatzakafetegia.com\/wp-content\/uploads\/2025\/03\/Design-sem-nome-2.jpg\" class=\"attachment-full size-full wp-image-838\" alt=\"\" srcset=\"https:\/\/maiatzakafetegia.com\/wp-content\/uploads\/2025\/03\/Design-sem-nome-2.jpg 1200w, https:\/\/maiatzakafetegia.com\/wp-content\/uploads\/2025\/03\/Design-sem-nome-2-300x250.jpg 300w, https:\/\/maiatzakafetegia.com\/wp-content\/uploads\/2025\/03\/Design-sem-nome-2-1024x853.jpg 1024w, https:\/\/maiatzakafetegia.com\/wp-content\/uploads\/2025\/03\/Design-sem-nome-2-768x640.jpg 768w, https:\/\/maiatzakafetegia.com\/wp-content\/uploads\/2025\/03\/Design-sem-nome-2-14x12.jpg 14w\" sizes=\"(max-width: 1200px) 100vw, 1200px\" \/><\/figure><div class=\"elementor-image-box-content\"><h3 class=\"elementor-image-box-title\">PINTXOS Y OPCIONES SALADAS<\/h3><p class=\"elementor-image-box-description\">Para quienes prefieren algo salado, ofrecemos una cuidada selecci\u00f3n de pintxos y bocados que combinan a la perfecci\u00f3n con nuestra oferta de bebidas:\n<br><br>\nTortilla de patatas: jugosa y con ese toque casero inconfundible.<br>\nGildas: una explosi\u00f3n de sabor con aceitunas, anchoas y piparras.<br>\nS\u00e1ndwich vegetal: ligero y delicioso, ideal para un almuerzo r\u00e1pido.<br>\nS\u00e1ndwich de jam\u00f3n y queso: la combinaci\u00f3n cl\u00e1sica que nunca falla.<\/p><\/div><\/div>\t\t\t\t<\/div>\n\t\t\t\t<\/div>\n\t\t\t\t\t<\/div>\n\t\t\t\t<\/div>\n\t\t<div class=\"elementor-element elementor-element-956fa74 e-flex e-con-boxed e-con e-parent\" data-id=\"956fa74\" data-element_type=\"container\">\n\t\t\t\t\t<div class=\"e-con-inner\">\n\t\t\t\t<div class=\"elementor-element elementor-element-7538e9f elementor-position-left elementor-vertical-align-middle elementor-widget elementor-widget-image-box\" data-id=\"7538e9f\" data-element_type=\"widget\" data-widget_type=\"image-box.default\">\n\t\t\t\t<div class=\"elementor-widget-container\">\n\t\t\t\t\t<div class=\"elementor-image-box-wrapper\"><figure class=\"elementor-image-box-img\"><img loading=\"lazy\" decoding=\"async\" width=\"1200\" height=\"1000\" src=\"https:\/\/maiatzakafetegia.com\/wp-content\/uploads\/2025\/03\/Design-sem-nome-3.jpg\" class=\"attachment-full size-full wp-image-842\" alt=\"\" srcset=\"https:\/\/maiatzakafetegia.com\/wp-content\/uploads\/2025\/03\/Design-sem-nome-3.jpg 1200w, https:\/\/maiatzakafetegia.com\/wp-content\/uploads\/2025\/03\/Design-sem-nome-3-300x250.jpg 300w, https:\/\/maiatzakafetegia.com\/wp-content\/uploads\/2025\/03\/Design-sem-nome-3-1024x853.jpg 1024w, https:\/\/maiatzakafetegia.com\/wp-content\/uploads\/2025\/03\/Design-sem-nome-3-768x640.jpg 768w, https:\/\/maiatzakafetegia.com\/wp-content\/uploads\/2025\/03\/Design-sem-nome-3-14x12.jpg 14w\" sizes=\"(max-width: 1200px) 100vw, 1200px\" \/><\/figure><div class=\"elementor-image-box-content\"><h3 class=\"elementor-image-box-title\">CERVEZAS TRADICIONALES<\/h3><p class=\"elementor-image-box-description\">Para los amantes de la cerveza, contamos con una gran variedad de opciones, de cervezas tradicionales, perfectas para cualquier ocasi\u00f3n.<\/p><\/div><\/div>\t\t\t\t<\/div>\n\t\t\t\t<\/div>\n\t\t\t\t\t<\/div>\n\t\t\t\t<\/div>\n\t\t<div class=\"elementor-element elementor-element-574d062 e-flex e-con-boxed e-con e-parent\" data-id=\"574d062\" data-element_type=\"container\">\n\t\t\t\t\t<div class=\"e-con-inner\">\n\t\t\t\t<div class=\"elementor-element elementor-element-8d281e7 elementor-position-left elementor-vertical-align-middle elementor-widget elementor-widget-image-box\" data-id=\"8d281e7\" data-element_type=\"widget\" data-widget_type=\"image-box.default\">\n\t\t\t\t<div class=\"elementor-widget-container\">\n\t\t\t\t\t<div class=\"elementor-image-box-wrapper\"><figure class=\"elementor-image-box-img\"><img loading=\"lazy\" decoding=\"async\" width=\"1200\" height=\"1000\" src=\"https:\/\/maiatzakafetegia.com\/wp-content\/uploads\/2025\/03\/Design-sem-nome-4.jpg\" class=\"attachment-full size-full wp-image-846\" alt=\"\" srcset=\"https:\/\/maiatzakafetegia.com\/wp-content\/uploads\/2025\/03\/Design-sem-nome-4.jpg 1200w, https:\/\/maiatzakafetegia.com\/wp-content\/uploads\/2025\/03\/Design-sem-nome-4-300x250.jpg 300w, https:\/\/maiatzakafetegia.com\/wp-content\/uploads\/2025\/03\/Design-sem-nome-4-1024x853.jpg 1024w, https:\/\/maiatzakafetegia.com\/wp-content\/uploads\/2025\/03\/Design-sem-nome-4-768x640.jpg 768w, https:\/\/maiatzakafetegia.com\/wp-content\/uploads\/2025\/03\/Design-sem-nome-4-14x12.jpg 14w\" sizes=\"(max-width: 1200px) 100vw, 1200px\" \/><\/figure><div class=\"elementor-image-box-content\"><h3 class=\"elementor-image-box-title\">VINOS Y ACOMPA\u00d1AMIENTOS<\/h3><p class=\"elementor-image-box-description\">Si lo tuyo es el buen vino, te invitamos a relajarte en nuestra terraza mientras disfrutas de un vino seleccionado acompa\u00f1ado del aut\u00e9ntico chorizo ib\u00e9rico de Toro, con su sabor intenso y tradicional.<\/p><\/div><\/div>\t\t\t\t<\/div>\n\t\t\t\t<\/div>\n\t\t\t\t\t<\/div>\n\t\t\t\t<\/div>\n\t\t<div class=\"elementor-element elementor-element-3396c9d e-flex e-con-boxed e-con e-parent\" data-id=\"3396c9d\" data-element_type=\"container\">\n\t\t\t\t\t<div class=\"e-con-inner\">\n\t\t\t\t<div class=\"elementor-element elementor-element-7b1d703 elementor-position-left elementor-vertical-align-middle elementor-widget elementor-widget-image-box\" data-id=\"7b1d703\" data-element_type=\"widget\" data-widget_type=\"image-box.default\">\n\t\t\t\t<div class=\"elementor-widget-container\">\n\t\t\t\t\t<div class=\"elementor-image-box-wrapper\"><figure class=\"elementor-image-box-img\"><img loading=\"lazy\" decoding=\"async\" width=\"2560\" height=\"1920\" src=\"https:\/\/maiatzakafetegia.com\/wp-content\/uploads\/2025\/03\/IMG_20241224_155346-Rakel-Arriaga-Aranceta-1-scaled.jpg\" class=\"attachment-full size-full wp-image-850\" alt=\"\" srcset=\"https:\/\/maiatzakafetegia.com\/wp-content\/uploads\/2025\/03\/IMG_20241224_155346-Rakel-Arriaga-Aranceta-1-scaled.jpg 2560w, https:\/\/maiatzakafetegia.com\/wp-content\/uploads\/2025\/03\/IMG_20241224_155346-Rakel-Arriaga-Aranceta-1-300x225.jpg 300w, https:\/\/maiatzakafetegia.com\/wp-content\/uploads\/2025\/03\/IMG_20241224_155346-Rakel-Arriaga-Aranceta-1-1024x768.jpg 1024w, https:\/\/maiatzakafetegia.com\/wp-content\/uploads\/2025\/03\/IMG_20241224_155346-Rakel-Arriaga-Aranceta-1-768x576.jpg 768w, https:\/\/maiatzakafetegia.com\/wp-content\/uploads\/2025\/03\/IMG_20241224_155346-Rakel-Arriaga-Aranceta-1-1536x1152.jpg 1536w, https:\/\/maiatzakafetegia.com\/wp-content\/uploads\/2025\/03\/IMG_20241224_155346-Rakel-Arriaga-Aranceta-1-2048x1536.jpg 2048w, https:\/\/maiatzakafetegia.com\/wp-content\/uploads\/2025\/03\/IMG_20241224_155346-Rakel-Arriaga-Aranceta-1-16x12.jpg 16w\" sizes=\"(max-width: 2560px) 100vw, 2560px\" \/><\/figure><div class=\"elementor-image-box-content\"><h3 class=\"elementor-image-box-title\">UN AMBIENTE \u00daNICO<\/h3><p class=\"elementor-image-box-description\">M\u00e1s all\u00e1 de la comida y la bebida, en Maiatza Kafetegia ofrecemos una experiencia completa. Disfruta de nuestro ambiente musical \u00fanico, con el mejor Blues, Rock &amp; Jazz como banda sonora de tus momentos de relax.<\/p><\/div><\/div>\t\t\t\t<\/div>\n\t\t\t\t<\/div>\n\t\t\t\t\t<\/div>\n\t\t\t\t<\/div>\n\t\t<div class=\"elementor-element elementor-element-ddf991b e-flex e-con-boxed e-con e-parent\" data-id=\"ddf991b\" data-element_type=\"container\">\n\t\t\t\t\t<div class=\"e-con-inner\">\n\t\t\t\t<div class=\"elementor-element elementor-element-e6fcffa elementor-widget elementor-widget-heading\" data-id=\"e6fcffa\" data-element_type=\"widget\" data-widget_type=\"heading.default\">\n\t\t\t\t<div class=\"elementor-widget-container\">\n\t\t\t\t\t<h2 class=\"elementor-heading-title elementor-size-default\">Tu Momento Especial Empieza en Nuestra Terraza.\n<\/h2>\t\t\t\t<\/div>\n\t\t\t\t<\/div>\n\t\t\t\t\t<\/div>\n\t\t\t\t<\/div>\n\t\t<div class=\"elementor-element elementor-element-f86fced e-flex e-con-boxed e-con e-parent\" data-id=\"f86fced\" data-element_type=\"container\">\n\t\t\t\t\t<div class=\"e-con-inner\">\n\t\t<div class=\"elementor-element elementor-element-4c7f825 e-con-full e-flex e-con e-child\" data-id=\"4c7f825\" data-element_type=\"container\">\n\t\t\t\t<div class=\"elementor-element elementor-element-d57eeb7 elementor-widget elementor-widget-image\" data-id=\"d57eeb7\" data-element_type=\"widget\" data-widget_type=\"image.default\">\n\t\t\t\t<div class=\"elementor-widget-container\">\n\t\t\t\t\t\t\t\t\t\t\t\t\t\t\t<img loading=\"lazy\" decoding=\"async\" width=\"500\" height=\"500\" src=\"https:\/\/maiatzakafetegia.com\/wp-content\/uploads\/2025\/03\/1.jpg\" class=\"attachment-full size-full wp-image-882\" alt=\"\" srcset=\"https:\/\/maiatzakafetegia.com\/wp-content\/uploads\/2025\/03\/1.jpg 500w, https:\/\/maiatzakafetegia.com\/wp-content\/uploads\/2025\/03\/1-300x300.jpg 300w, https:\/\/maiatzakafetegia.com\/wp-content\/uploads\/2025\/03\/1-150x150.jpg 150w, https:\/\/maiatzakafetegia.com\/wp-content\/uploads\/2025\/03\/1-12x12.jpg 12w\" sizes=\"(max-width: 500px) 100vw, 500px\" \/>\t\t\t\t\t\t\t\t\t\t\t\t\t\t\t<\/div>\n\t\t\t\t<\/div>\n\t\t\t\t<\/div>\n\t\t<div class=\"elementor-element elementor-element-9066184 e-con-full e-flex e-con e-child\" data-id=\"9066184\" data-element_type=\"container\">\n\t\t\t\t<div class=\"elementor-element elementor-element-7a89d03 elementor-widget elementor-widget-image\" data-id=\"7a89d03\" data-element_type=\"widget\" data-widget_type=\"image.default\">\n\t\t\t\t<div class=\"elementor-widget-container\">\n\t\t\t\t\t\t\t\t\t\t\t\t\t\t\t<img loading=\"lazy\" decoding=\"async\" width=\"500\" height=\"500\" src=\"https:\/\/maiatzakafetegia.com\/wp-content\/uploads\/2025\/03\/2.jpg\" class=\"attachment-full size-full wp-image-883\" alt=\"\" srcset=\"https:\/\/maiatzakafetegia.com\/wp-content\/uploads\/2025\/03\/2.jpg 500w, https:\/\/maiatzakafetegia.com\/wp-content\/uploads\/2025\/03\/2-300x300.jpg 300w, https:\/\/maiatzakafetegia.com\/wp-content\/uploads\/2025\/03\/2-150x150.jpg 150w, https:\/\/maiatzakafetegia.com\/wp-content\/uploads\/2025\/03\/2-12x12.jpg 12w\" sizes=\"(max-width: 500px) 100vw, 500px\" \/>\t\t\t\t\t\t\t\t\t\t\t\t\t\t\t<\/div>\n\t\t\t\t<\/div>\n\t\t\t\t<\/div>\n\t\t\t\t\t<\/div>\n\t\t\t\t<\/div>\n\t\t\t\t<\/div>","protected":false},"excerpt":{"rendered":"<p>Productos D\u00e9jate llevar por el aroma del caf\u00e9 reci\u00e9n hechoy el sonido del mejor Blues, Rock &amp; Jazz. CAF\u00c9S E INFUSIONES Desde las 6:15 de la ma\u00f1ana, abrimos nuestras puertas con el aroma del mejor caf\u00e9. Ofrecemos una amplia variedad de caf\u00e9s, desde el cl\u00e1sico espresso hasta capuchinos y caf\u00e9s especiales, todos elaborados con granos [&hellip;]<\/p>","protected":false},"author":2,"featured_media":0,"parent":0,"menu_order":0,"comment_status":"closed","ping_status":"closed","template":"elementor_canvas","meta":{"footnotes":""},"class_list":["post-31","page","type-page","status-publish","hentry"],"yoast_head":"<!-- This site is optimized with the Yoast SEO plugin v26.4 - https:\/\/yoast.com\/wordpress\/plugins\/seo\/ -->\n<title>Productos - MAIATZA KAFETEGIA<\/title>\n<meta name=\"robots\" content=\"index, follow, max-snippet:-1, max-image-preview:large, max-video-preview:-1\" \/>\n<link rel=\"canonical\" href=\"https:\/\/maiatzakafetegia.com\/eu\/productos\/\" \/>\n<meta property=\"og:locale\" content=\"en_US\" \/>\n<meta property=\"og:type\" content=\"article\" \/>\n<meta property=\"og:title\" content=\"Productos - MAIATZA KAFETEGIA\" \/>\n<meta property=\"og:description\" content=\"Productos D\u00e9jate llevar por el aroma del caf\u00e9 reci\u00e9n hechoy el sonido del mejor Blues, Rock &amp; Jazz. CAF\u00c9S E INFUSIONES Desde las 6:15 de la ma\u00f1ana, abrimos nuestras puertas con el aroma del mejor caf\u00e9. Ofrecemos una amplia variedad de caf\u00e9s, desde el cl\u00e1sico espresso hasta capuchinos y caf\u00e9s especiales, todos elaborados con granos [&hellip;]\" \/>\n<meta property=\"og:url\" content=\"https:\/\/maiatzakafetegia.com\/eu\/productos\/\" \/>\n<meta property=\"og:site_name\" content=\"MAIATZA KAFETEGIA\" \/>\n<meta property=\"article:modified_time\" content=\"2025-03-18T09:42:06+00:00\" \/>\n<meta property=\"og:image\" content=\"https:\/\/maiatzakafetegia.com\/wp-content\/uploads\/2025\/03\/Design-sem-nome.jpg\" \/>\n\t<meta property=\"og:image:width\" content=\"1200\" \/>\n\t<meta property=\"og:image:height\" content=\"1000\" \/>\n\t<meta property=\"og:image:type\" content=\"image\/jpeg\" \/>\n<meta name=\"twitter:card\" content=\"summary_large_image\" \/>\n<meta name=\"twitter:label1\" content=\"Est. reading time\" \/>\n\t<meta name=\"twitter:data1\" content=\"4 minutua\" \/>\n<script type=\"application\/ld+json\" class=\"yoast-schema-graph\">{\"@context\":\"https:\/\/schema.org\",\"@graph\":[{\"@type\":\"WebPage\",\"@id\":\"https:\/\/maiatzakafetegia.com\/productos\/\",\"url\":\"https:\/\/maiatzakafetegia.com\/productos\/\",\"name\":\"Productos - MAIATZA KAFETEGIA\",\"isPartOf\":{\"@id\":\"https:\/\/maiatzakafetegia.com\/#website\"},\"primaryImageOfPage\":{\"@id\":\"https:\/\/maiatzakafetegia.com\/productos\/#primaryimage\"},\"image\":{\"@id\":\"https:\/\/maiatzakafetegia.com\/productos\/#primaryimage\"},\"thumbnailUrl\":\"https:\/\/maiatzakafetegia.com\/wp-content\/uploads\/2025\/03\/Design-sem-nome.jpg\",\"datePublished\":\"2024-10-18T14:57:46+00:00\",\"dateModified\":\"2025-03-18T09:42:06+00:00\",\"breadcrumb\":{\"@id\":\"https:\/\/maiatzakafetegia.com\/productos\/#breadcrumb\"},\"inLanguage\":\"eu\",\"potentialAction\":[{\"@type\":\"ReadAction\",\"target\":[\"https:\/\/maiatzakafetegia.com\/productos\/\"]}]},{\"@type\":\"ImageObject\",\"inLanguage\":\"eu\",\"@id\":\"https:\/\/maiatzakafetegia.com\/productos\/#primaryimage\",\"url\":\"https:\/\/maiatzakafetegia.com\/wp-content\/uploads\/2025\/03\/Design-sem-nome.jpg\",\"contentUrl\":\"https:\/\/maiatzakafetegia.com\/wp-content\/uploads\/2025\/03\/Design-sem-nome.jpg\"},{\"@type\":\"BreadcrumbList\",\"@id\":\"https:\/\/maiatzakafetegia.com\/productos\/#breadcrumb\",\"itemListElement\":[{\"@type\":\"ListItem\",\"position\":1,\"name\":\"Portada\",\"item\":\"https:\/\/maiatzakafetegia.com\/\"},{\"@type\":\"ListItem\",\"position\":2,\"name\":\"Productos\"}]},{\"@type\":\"WebSite\",\"@id\":\"https:\/\/maiatzakafetegia.com\/#website\",\"url\":\"https:\/\/maiatzakafetegia.com\/\",\"name\":\"MAIATZA KAFETEGIA\",\"description\":\"CAFETERIA Y DEGUSTACION CON TARTAS CASERAS\",\"publisher\":{\"@id\":\"https:\/\/maiatzakafetegia.com\/#organization\"},\"potentialAction\":[{\"@type\":\"SearchAction\",\"target\":{\"@type\":\"EntryPoint\",\"urlTemplate\":\"https:\/\/maiatzakafetegia.com\/?s={search_term_string}\"},\"query-input\":{\"@type\":\"PropertyValueSpecification\",\"valueRequired\":true,\"valueName\":\"search_term_string\"}}],\"inLanguage\":\"eu\"},{\"@type\":\"Organization\",\"@id\":\"https:\/\/maiatzakafetegia.com\/#organization\",\"name\":\"MAIATZA KAFETEGIA\",\"url\":\"https:\/\/maiatzakafetegia.com\/\",\"logo\":{\"@type\":\"ImageObject\",\"inLanguage\":\"eu\",\"@id\":\"https:\/\/maiatzakafetegia.com\/#\/schema\/logo\/image\/\",\"url\":\"https:\/\/maiatzakafetegia.com\/wp-content\/uploads\/2025\/03\/cropped-Maiatza-logo_Mesa-de-trabajo-1.png\",\"contentUrl\":\"https:\/\/maiatzakafetegia.com\/wp-content\/uploads\/2025\/03\/cropped-Maiatza-logo_Mesa-de-trabajo-1.png\",\"width\":999,\"height\":1080,\"caption\":\"MAIATZA KAFETEGIA\"},\"image\":{\"@id\":\"https:\/\/maiatzakafetegia.com\/#\/schema\/logo\/image\/\"}}]}<\/script>\n<!-- \/ Yoast SEO plugin. -->","yoast_head_json":{"title":"Productos - MAIATZA KAFETEGIA","robots":{"index":"index","follow":"follow","max-snippet":"max-snippet:-1","max-image-preview":"max-image-preview:large","max-video-preview":"max-video-preview:-1"},"canonical":"https:\/\/maiatzakafetegia.com\/eu\/productos\/","og_locale":"en_US","og_type":"article","og_title":"Productos - MAIATZA KAFETEGIA","og_description":"Productos D\u00e9jate llevar por el aroma del caf\u00e9 reci\u00e9n hechoy el sonido del mejor Blues, Rock &amp; Jazz. CAF\u00c9S E INFUSIONES Desde las 6:15 de la ma\u00f1ana, abrimos nuestras puertas con el aroma del mejor caf\u00e9. Ofrecemos una amplia variedad de caf\u00e9s, desde el cl\u00e1sico espresso hasta capuchinos y caf\u00e9s especiales, todos elaborados con granos [&hellip;]","og_url":"https:\/\/maiatzakafetegia.com\/eu\/productos\/","og_site_name":"MAIATZA KAFETEGIA","article_modified_time":"2025-03-18T09:42:06+00:00","og_image":[{"width":1200,"height":1000,"url":"https:\/\/maiatzakafetegia.com\/wp-content\/uploads\/2025\/03\/Design-sem-nome.jpg","type":"image\/jpeg"}],"twitter_card":"summary_large_image","twitter_misc":{"Est. reading time":"4 minutua"},"schema":{"@context":"https:\/\/schema.org","@graph":[{"@type":"WebPage","@id":"https:\/\/maiatzakafetegia.com\/productos\/","url":"https:\/\/maiatzakafetegia.com\/productos\/","name":"Productos - MAIATZA KAFETEGIA","isPartOf":{"@id":"https:\/\/maiatzakafetegia.com\/#website"},"primaryImageOfPage":{"@id":"https:\/\/maiatzakafetegia.com\/productos\/#primaryimage"},"image":{"@id":"https:\/\/maiatzakafetegia.com\/productos\/#primaryimage"},"thumbnailUrl":"https:\/\/maiatzakafetegia.com\/wp-content\/uploads\/2025\/03\/Design-sem-nome.jpg","datePublished":"2024-10-18T14:57:46+00:00","dateModified":"2025-03-18T09:42:06+00:00","breadcrumb":{"@id":"https:\/\/maiatzakafetegia.com\/productos\/#breadcrumb"},"inLanguage":"eu","potentialAction":[{"@type":"ReadAction","target":["https:\/\/maiatzakafetegia.com\/productos\/"]}]},{"@type":"ImageObject","inLanguage":"eu","@id":"https:\/\/maiatzakafetegia.com\/productos\/#primaryimage","url":"https:\/\/maiatzakafetegia.com\/wp-content\/uploads\/2025\/03\/Design-sem-nome.jpg","contentUrl":"https:\/\/maiatzakafetegia.com\/wp-content\/uploads\/2025\/03\/Design-sem-nome.jpg"},{"@type":"BreadcrumbList","@id":"https:\/\/maiatzakafetegia.com\/productos\/#breadcrumb","itemListElement":[{"@type":"ListItem","position":1,"name":"Portada","item":"https:\/\/maiatzakafetegia.com\/"},{"@type":"ListItem","position":2,"name":"Productos"}]},{"@type":"WebSite","@id":"https:\/\/maiatzakafetegia.com\/#website","url":"https:\/\/maiatzakafetegia.com\/","name":"MAIATZA KAFETEGIA","description":"CAFETERIA Y DEGUSTACION CON TARTAS CASERAS","publisher":{"@id":"https:\/\/maiatzakafetegia.com\/#organization"},"potentialAction":[{"@type":"SearchAction","target":{"@type":"EntryPoint","urlTemplate":"https:\/\/maiatzakafetegia.com\/?s={search_term_string}"},"query-input":{"@type":"PropertyValueSpecification","valueRequired":true,"valueName":"search_term_string"}}],"inLanguage":"eu"},{"@type":"Organization","@id":"https:\/\/maiatzakafetegia.com\/#organization","name":"MAIATZA KAFETEGIA","url":"https:\/\/maiatzakafetegia.com\/","logo":{"@type":"ImageObject","inLanguage":"eu","@id":"https:\/\/maiatzakafetegia.com\/#\/schema\/logo\/image\/","url":"https:\/\/maiatzakafetegia.com\/wp-content\/uploads\/2025\/03\/cropped-Maiatza-logo_Mesa-de-trabajo-1.png","contentUrl":"https:\/\/maiatzakafetegia.com\/wp-content\/uploads\/2025\/03\/cropped-Maiatza-logo_Mesa-de-trabajo-1.png","width":999,"height":1080,"caption":"MAIATZA KAFETEGIA"},"image":{"@id":"https:\/\/maiatzakafetegia.com\/#\/schema\/logo\/image\/"}}]}},"_links":{"self":[{"href":"https:\/\/maiatzakafetegia.com\/eu\/wp-json\/wp\/v2\/pages\/31","targetHints":{"allow":["GET"]}}],"collection":[{"href":"https:\/\/maiatzakafetegia.com\/eu\/wp-json\/wp\/v2\/pages"}],"about":[{"href":"https:\/\/maiatzakafetegia.com\/eu\/wp-json\/wp\/v2\/types\/page"}],"author":[{"embeddable":true,"href":"https:\/\/maiatzakafetegia.com\/eu\/wp-json\/wp\/v2\/users\/2"}],"replies":[{"embeddable":true,"href":"https:\/\/maiatzakafetegia.com\/eu\/wp-json\/wp\/v2\/comments?post=31"}],"version-history":[{"count":104,"href":"https:\/\/maiatzakafetegia.com\/eu\/wp-json\/wp\/v2\/pages\/31\/revisions"}],"predecessor-version":[{"id":892,"href":"https:\/\/maiatzakafetegia.com\/eu\/wp-json\/wp\/v2\/pages\/31\/revisions\/892"}],"wp:attachment":[{"href":"https:\/\/maiatzakafetegia.com\/eu\/wp-json\/wp\/v2\/media?parent=31"}],"curies":[{"name":"wp","href":"https:\/\/api.w.org\/{rel}","templated":true}]}}